{"id":101,"date":"2021-02-03T11:02:51","date_gmt":"2021-02-03T10:02:51","guid":{"rendered":"https:\/\/bobolagorlice.pl\/?page_id=101"},"modified":"2023-07-26T09:30:57","modified_gmt":"2023-07-26T07:30:57","slug":"transmisja-mszy","status":"publish","type":"page","link":"https:\/\/bobolagorlice.pl\/index.php\/transmisja-mszy\/","title":{"rendered":"Transmisja mszy"},"content":{"rendered":"\n<h2 class=\"wp-block-heading\">Transmisja na \u017cywo<\/h2>\n\n\n\n<p>Link do ogl\u0105dania na \u017cywo transmisji nabo\u017ce\u0144stw w naszym ko\u015bciele&nbsp;<\/p>\n\n\n\n<p><a href=\"https:\/\/www.youtube.com\/watch?v=bVXQPDp33xs\">Ko\u015bci\u00f3\u0142 pw. \u015bw. Andrzeja Boboli w Gorlicach &#8211; YouTube<\/a><\/p>\n\n\n\n<p><a href=\"https:\/\/www.ap-media.pl\/player?uri=a29zY2lvbF9nb3JsaWNlX2JvYm9sYQ==\">Ko\u015bci\u00f3\u0142 pw. \u015bw. Andrzeja Boboli w Gorlicach &#8211; Ap Media<\/a><\/p>\n\n\n\n<p><\/p>\n","protected":false},"excerpt":{"rendered":"<p>Transmisja na \u017cywo Link do ogl\u0105dania na \u017cywo transmisji nabo\u017ce\u0144stw w naszym ko\u015bciele&nbsp; Ko\u015bci\u00f3\u0142 pw. \u015bw. Andrzeja Boboli w Gorlicach &#8211; YouTube Ko\u015bci\u00f3\u0142 pw. \u015bw. Andrzeja Boboli w Gorlicach &#8211; Ap Media<\/p>\n","protected":false},"author":1,"featured_media":0,"parent":0,"menu_order":0,"comment_status":"closed","ping_status":"closed","template":"","meta":{"footnotes":""},"class_list":["post-101","page","type-page","status-publish","hentry"],"_links":{"self":[{"href":"https:\/\/bobolagorlice.pl\/index.php\/wp-json\/wp\/v2\/pages\/101","targetHints":{"allow":["GET"]}}],"collection":[{"href":"https:\/\/bobolagorlice.pl\/index.php\/wp-json\/wp\/v2\/pages"}],"about":[{"href":"https:\/\/bobolagorlice.pl\/index.php\/wp-json\/wp\/v2\/types\/page"}],"author":[{"embeddable":true,"href":"https:\/\/bobolagorlice.pl\/index.php\/wp-json\/wp\/v2\/users\/1"}],"replies":[{"embeddable":true,"href":"https:\/\/bobolagorlice.pl\/index.php\/wp-json\/wp\/v2\/comments?post=101"}],"version-history":[{"count":9,"href":"https:\/\/bobolagorlice.pl\/index.php\/wp-json\/wp\/v2\/pages\/101\/revisions"}],"predecessor-version":[{"id":3732,"href":"https:\/\/bobolagorlice.pl\/index.php\/wp-json\/wp\/v2\/pages\/101\/revisions\/3732"}],"wp:attachment":[{"href":"https:\/\/bobolagorlice.pl\/index.php\/wp-json\/wp\/v2\/media?parent=101"}],"curies":[{"name":"wp","href":"https:\/\/api.w.org\/{rel}","templated":true}]}}